{"id":5321,"date":"2024-11-29T04:12:08","date_gmt":"2024-11-29T04:12:08","guid":{"rendered":"https:\/\/panchamamahotelboutique.com\/room\/"},"modified":"2025-02-24T18:09:40","modified_gmt":"2025-02-24T18:09:40","slug":"room","status":"publish","type":"page","link":"https:\/\/panchamamahotelboutique.com\/en\/room\/","title":{"rendered":"Rooms"},"content":{"rendered":"\t\t<div data-elementor-type=\"wp-page\" data-elementor-id=\"5321\" class=\"elementor elementor-5321\" data-elementor-post-type=\"page\">\n\t\t\t\t<div class=\"elementor-element elementor-element-93c18e5 alex e-flex e-con-boxed e-con e-parent\" data-id=\"93c18e5\" data-element_type=\"container\">\n\t\t\t\t\t<div class=\"e-con-inner\">\n\t\t<div class=\"elementor-element elementor-element-e41e40e e-con-full e-flex e-con e-child\" data-id=\"e41e40e\" data-element_type=\"container\">\n\t\t\t\t<div class=\"elementor-element elementor-element-145faa9 elementor-widget elementor-widget-mphbe-room\" data-id=\"145faa9\" data-element_type=\"widget\" data-settings=\"{&quot;ekit_we_effect_on&quot;:&quot;none&quot;}\" data-widget_type=\"mphbe-room.default\">\n\t\t\t\t<div class=\"elementor-widget-container\">\n\t\t\t\t\t<div class=\"mphb_sc_room-wrapper \"><div class=\"mphb-room-type post-4788 mphb_room_type type-mphb_room_type status-publish has-post-thumbnail mphb_room_type_category-apartamentos-en mphb_room_type_category-room mphb-room-type-adults-2 mphb-room-type-children-0 \">\n\n\t\n\t\n\n\t<p class=\"post-thumbnail mphb-loop-room-thumbnail\">\n\t<a href=\"https:\/\/panchamamahotelboutique.com\/en\/accommodation\/deluxe-room-sue\/\">\n\t<img fetchpriority=\"high\" decoding=\"async\" width=\"2551\" height=\"1701\" src=\"https:\/\/panchamamahotelboutique.com\/wp-content\/uploads\/2024\/11\/WhatsApp-Image-2025-02-14-at-6.16.12-PM.jpg\" class=\"attachment-post-thumbnail size-post-thumbnail wp-post-image\" alt=\"\" srcset=\"https:\/\/panchamamahotelboutique.com\/wp-content\/uploads\/2024\/11\/WhatsApp-Image-2025-02-14-at-6.16.12-PM.jpg 2551w, https:\/\/panchamamahotelboutique.com\/wp-content\/uploads\/2024\/11\/WhatsApp-Image-2025-02-14-at-6.16.12-PM-300x200.jpg 300w, https:\/\/panchamamahotelboutique.com\/wp-content\/uploads\/2024\/11\/WhatsApp-Image-2025-02-14-at-6.16.12-PM-1024x683.jpg 1024w, https:\/\/panchamamahotelboutique.com\/wp-content\/uploads\/2024\/11\/WhatsApp-Image-2025-02-14-at-6.16.12-PM-768x512.jpg 768w, https:\/\/panchamamahotelboutique.com\/wp-content\/uploads\/2024\/11\/WhatsApp-Image-2025-02-14-at-6.16.12-PM-1536x1024.jpg 1536w, https:\/\/panchamamahotelboutique.com\/wp-content\/uploads\/2024\/11\/WhatsApp-Image-2025-02-14-at-6.16.12-PM-2048x1366.jpg 2048w, https:\/\/panchamamahotelboutique.com\/wp-content\/uploads\/2024\/11\/WhatsApp-Image-2025-02-14-at-6.16.12-PM-600x400.jpg 600w\" sizes=\"(max-width: 2551px) 100vw, 2551px\" \/>\t<\/a>\n\n\t<\/p>\n\n<h2 class=\"mphb-room-type-title entry-title\">\n\n<a class=\"mphb-room-type-title\" href=\"https:\/\/panchamamahotelboutique.com\/en\/accommodation\/deluxe-room-sue\/\">Deluxe room SUE<\/a>\n\n<\/h2>\n\n<ul>\n<li> maximum capacity: 1-2 guests  <\/li>\n<li>1 queen size bed<\/li>\n<li>private bathroom<\/li>\n<li>private terrace<\/li>\n<\/ul>\n\n\n\n\t<p class=\"mphb-regular-price\"><strong>Prices start at:<\/strong>\n\t<span class=\"mphb-price\"><span class=\"mphb-currency\">&#36;<\/span>180,000<\/span> <span class=\"mphb-price-period\" title=\"Choose dates to see relevant prices\">per night<\/span>\n\t<\/p>\n\t\n<div class=\"mphb-to-book-btn-wrapper\">\n<form action=\"https:\/\/panchamamahotelboutique.com\/en\/accommodation\/deluxe-room-sue\/#booking-form-4788\" method=\"get\" ><button type=\"submit\" class=\"button mphb-book-button\" >More information<\/button><\/form>\n<br\/><\/div>\n\t\n<\/div>\n<\/div>\t\t\t\t<\/div>\n\t\t\t\t<\/div>\n\t\t\t\t<\/div>\n\t\t<div class=\"elementor-element elementor-element-325a1e1 e-con-full e-flex e-con e-child\" data-id=\"325a1e1\" data-element_type=\"container\">\n\t\t\t\t<div class=\"elementor-element elementor-element-dddf227 elementor-widget elementor-widget-mphbe-room\" data-id=\"dddf227\" data-element_type=\"widget\" data-settings=\"{&quot;ekit_we_effect_on&quot;:&quot;none&quot;}\" data-widget_type=\"mphbe-room.default\">\n\t\t\t\t<div class=\"elementor-widget-container\">\n\t\t\t\t\t<div class=\"mphb_sc_room-wrapper \"><div class=\"mphb-room-type post-4828 mphb_room_type type-mphb_room_type status-publish has-post-thumbnail mphb_room_type_category-room mphb-room-type-adults-2 mphb-room-type-children-0 \">\n\n\t\n\t\n\n\t<p class=\"post-thumbnail mphb-loop-room-thumbnail\">\n\t<a href=\"https:\/\/panchamamahotelboutique.com\/en\/accommodation\/4828\/\">\n\t<img decoding=\"async\" width=\"1280\" height=\"853\" src=\"https:\/\/panchamamahotelboutique.com\/wp-content\/uploads\/2024\/12\/WhatsApp-Image-2025-01-15-at-4.49.37-PM-1.jpeg\" class=\"attachment-post-thumbnail size-post-thumbnail wp-post-image\" alt=\"\" srcset=\"https:\/\/panchamamahotelboutique.com\/wp-content\/uploads\/2024\/12\/WhatsApp-Image-2025-01-15-at-4.49.37-PM-1.jpeg 1280w, https:\/\/panchamamahotelboutique.com\/wp-content\/uploads\/2024\/12\/WhatsApp-Image-2025-01-15-at-4.49.37-PM-1-300x200.jpeg 300w, https:\/\/panchamamahotelboutique.com\/wp-content\/uploads\/2024\/12\/WhatsApp-Image-2025-01-15-at-4.49.37-PM-1-1024x682.jpeg 1024w, https:\/\/panchamamahotelboutique.com\/wp-content\/uploads\/2024\/12\/WhatsApp-Image-2025-01-15-at-4.49.37-PM-1-768x512.jpeg 768w, https:\/\/panchamamahotelboutique.com\/wp-content\/uploads\/2024\/12\/WhatsApp-Image-2025-01-15-at-4.49.37-PM-1-600x400.jpeg 600w\" sizes=\"(max-width: 1280px) 100vw, 1280px\" \/>\t<\/a>\n\n\t<\/p>\n\n<h2 class=\"mphb-room-type-title entry-title\">\n\n<a class=\"mphb-room-type-title\" href=\"https:\/\/panchamamahotelboutique.com\/en\/accommodation\/4828\/\">Deluxe room BACHUE<\/a>\n\n<\/h2>\n\n<ul>\n<li>maximum capacity: 1-2 guests<\/li>\n<li>1 queen bed<\/li>\n<li>private bathroom<\/li>\n<li>mountain view<\/li>\n<\/ul>\n\n\n\n\t<p class=\"mphb-regular-price\"><strong>Prices start at:<\/strong>\n\t<span class=\"mphb-price\"><span class=\"mphb-currency\">&#36;<\/span>180,000<\/span> <span class=\"mphb-price-period\" title=\"Choose dates to see relevant prices\">per night<\/span>\n\t<\/p>\n\t\n<div class=\"mphb-to-book-btn-wrapper\">\n<form action=\"https:\/\/panchamamahotelboutique.com\/en\/accommodation\/4828\/#booking-form-4828\" method=\"get\" ><button type=\"submit\" class=\"button mphb-book-button\" >More information<\/button><\/form>\n<br\/><\/div>\n\t\n<\/div>\n<\/div>\t\t\t\t<\/div>\n\t\t\t\t<\/div>\n\t\t\t\t<\/div>\n\t\t<div class=\"elementor-element elementor-element-5f5f9c6 e-con-full e-flex e-con e-child\" data-id=\"5f5f9c6\" data-element_type=\"container\">\n\t\t\t\t<div class=\"elementor-element elementor-element-3cfb98c elementor-widget elementor-widget-mphbe-room\" data-id=\"3cfb98c\" data-element_type=\"widget\" data-settings=\"{&quot;ekit_we_effect_on&quot;:&quot;none&quot;}\" data-widget_type=\"mphbe-room.default\">\n\t\t\t\t<div class=\"elementor-widget-container\">\n\t\t\t\t\t<div class=\"mphb_sc_room-wrapper \"><div class=\"mphb-room-type post-4815 mphb_room_type type-mphb_room_type status-publish has-post-thumbnail mphb-room-type-adults-3 mphb-room-type-children-0 \">\n\n\t\n\t\n\n\t<p class=\"post-thumbnail mphb-loop-room-thumbnail\">\n\t<a href=\"https:\/\/panchamamahotelboutique.com\/en\/accommodation\/xie-studio-apartment\/\">\n\t<img decoding=\"async\" width=\"2560\" height=\"1706\" src=\"https:\/\/panchamamahotelboutique.com\/wp-content\/uploads\/2024\/11\/WhatsApp-Image-2025-01-15-at-4.53.17-PM-1-1-scaled.jpeg\" class=\"attachment-post-thumbnail size-post-thumbnail wp-post-image\" alt=\"\" srcset=\"https:\/\/panchamamahotelboutique.com\/wp-content\/uploads\/2024\/11\/WhatsApp-Image-2025-01-15-at-4.53.17-PM-1-1-scaled.jpeg 2560w, https:\/\/panchamamahotelboutique.com\/wp-content\/uploads\/2024\/11\/WhatsApp-Image-2025-01-15-at-4.53.17-PM-1-1-300x200.jpeg 300w, https:\/\/panchamamahotelboutique.com\/wp-content\/uploads\/2024\/11\/WhatsApp-Image-2025-01-15-at-4.53.17-PM-1-1-1024x683.jpeg 1024w, https:\/\/panchamamahotelboutique.com\/wp-content\/uploads\/2024\/11\/WhatsApp-Image-2025-01-15-at-4.53.17-PM-1-1-768x512.jpeg 768w, https:\/\/panchamamahotelboutique.com\/wp-content\/uploads\/2024\/11\/WhatsApp-Image-2025-01-15-at-4.53.17-PM-1-1-1536x1024.jpeg 1536w, https:\/\/panchamamahotelboutique.com\/wp-content\/uploads\/2024\/11\/WhatsApp-Image-2025-01-15-at-4.53.17-PM-1-1-2048x1365.jpeg 2048w, https:\/\/panchamamahotelboutique.com\/wp-content\/uploads\/2024\/11\/WhatsApp-Image-2025-01-15-at-4.53.17-PM-1-1-600x400.jpeg 600w\" sizes=\"(max-width: 2560px) 100vw, 2560px\" \/>\t<\/a>\n\n\t<\/p>\n\n<h2 class=\"mphb-room-type-title entry-title\">\n\n<a class=\"mphb-room-type-title\" href=\"https:\/\/panchamamahotelboutique.com\/en\/accommodation\/xie-studio-apartment\/\">Studio Apartment XIE<\/a>\n\n<\/h2>\n\n<ul>\n<li>maximum capacity: 2-3 guests<\/li>\n<li>1 queen size bed<\/li>\n<li>1 single bed<\/li>\n<li>private bathroom<\/li>\n<\/ul>\n\n\n\n\t<p class=\"mphb-regular-price\"><strong>Prices start at:<\/strong>\n\t<span class=\"mphb-price\"><span class=\"mphb-currency\">&#36;<\/span>240,000<\/span> <span class=\"mphb-price-period\" title=\"Choose dates to see relevant prices\">per night<\/span>\n\t<\/p>\n\t\n<div class=\"mphb-to-book-btn-wrapper\">\n<form action=\"https:\/\/panchamamahotelboutique.com\/en\/accommodation\/xie-studio-apartment\/#booking-form-4815\" method=\"get\" ><button type=\"submit\" class=\"button mphb-book-button\" >More information<\/button><\/form>\n<br\/><\/div>\n\t\n<\/div>\n<\/div>\t\t\t\t<\/div>\n\t\t\t\t<\/div>\n\t\t\t\t<\/div>\n\t\t\t\t\t<\/div>\n\t\t\t\t<\/div>\n\t\t<div class=\"elementor-element elementor-element-a14e33a alex e-flex e-con-boxed e-con e-parent\" data-id=\"a14e33a\" data-element_type=\"container\">\n\t\t\t\t\t<div class=\"e-con-inner\">\n\t\t<div class=\"elementor-element elementor-element-0a0d4cf e-con-full e-flex e-con e-child\" data-id=\"0a0d4cf\" data-element_type=\"container\">\n\t\t\t\t<div class=\"elementor-element elementor-element-b8a3c72 elementor-widget elementor-widget-mphbe-room\" data-id=\"b8a3c72\" data-element_type=\"widget\" data-settings=\"{&quot;ekit_we_effect_on&quot;:&quot;none&quot;}\" data-widget_type=\"mphbe-room.default\">\n\t\t\t\t<div class=\"elementor-widget-container\">\n\t\t\t\t\t<div class=\"mphb_sc_room-wrapper \"><div class=\"mphb-room-type post-4803 mphb_room_type type-mphb_room_type status-publish has-post-thumbnail mphb_room_type_category-apartamentos-en mphb_room_type_category-room mphb-room-type-adults-4 mphb-room-type-children-0 \">\n\n\t\n\t\n\n\t<p class=\"post-thumbnail mphb-loop-room-thumbnail\">\n\t<a href=\"https:\/\/panchamamahotelboutique.com\/en\/accommodation\/deluxe-room-chia\/\">\n\t<img loading=\"lazy\" decoding=\"async\" width=\"2560\" height=\"1706\" src=\"https:\/\/panchamamahotelboutique.com\/wp-content\/uploads\/2024\/11\/WhatsApp-Image-2025-01-15-at-4.54.17-PM-4-1-scaled.jpeg\" class=\"attachment-post-thumbnail size-post-thumbnail wp-post-image\" alt=\"\" srcset=\"https:\/\/panchamamahotelboutique.com\/wp-content\/uploads\/2024\/11\/WhatsApp-Image-2025-01-15-at-4.54.17-PM-4-1-scaled.jpeg 2560w, https:\/\/panchamamahotelboutique.com\/wp-content\/uploads\/2024\/11\/WhatsApp-Image-2025-01-15-at-4.54.17-PM-4-1-300x200.jpeg 300w, https:\/\/panchamamahotelboutique.com\/wp-content\/uploads\/2024\/11\/WhatsApp-Image-2025-01-15-at-4.54.17-PM-4-1-1024x683.jpeg 1024w, https:\/\/panchamamahotelboutique.com\/wp-content\/uploads\/2024\/11\/WhatsApp-Image-2025-01-15-at-4.54.17-PM-4-1-768x512.jpeg 768w, https:\/\/panchamamahotelboutique.com\/wp-content\/uploads\/2024\/11\/WhatsApp-Image-2025-01-15-at-4.54.17-PM-4-1-1536x1024.jpeg 1536w, https:\/\/panchamamahotelboutique.com\/wp-content\/uploads\/2024\/11\/WhatsApp-Image-2025-01-15-at-4.54.17-PM-4-1-2048x1365.jpeg 2048w, https:\/\/panchamamahotelboutique.com\/wp-content\/uploads\/2024\/11\/WhatsApp-Image-2025-01-15-at-4.54.17-PM-4-1-600x400.jpeg 600w\" sizes=\"(max-width: 2560px) 100vw, 2560px\" \/>\t<\/a>\n\n\t<\/p>\n\n<h2 class=\"mphb-room-type-title entry-title\">\n\n<a class=\"mphb-room-type-title\" href=\"https:\/\/panchamamahotelboutique.com\/en\/accommodation\/deluxe-room-chia\/\">Deluxe double room CHIA<\/a>\n\n<\/h2>\n\n<ul>\n<li>maximum capacity: 3-4 guests<\/li>\n<li>2 queen size bed<\/li>\n<li>private bathroom<\/li>\n<li>private terrace<\/li>\n<\/ul>\n\n\n\n\t<p class=\"mphb-regular-price\"><strong>Prices start at:<\/strong>\n\t<span class=\"mphb-price\"><span class=\"mphb-currency\">&#36;<\/span>240,000<\/span> <span class=\"mphb-price-period\" title=\"Choose dates to see relevant prices\">per night<\/span>\n\t<\/p>\n\t\n<div class=\"mphb-to-book-btn-wrapper\">\n<form action=\"https:\/\/panchamamahotelboutique.com\/en\/accommodation\/deluxe-room-chia\/#booking-form-4803\" method=\"get\" ><button type=\"submit\" class=\"button mphb-book-button\" >More information<\/button><\/form>\n<br\/><\/div>\n\t\n<\/div>\n<\/div>\t\t\t\t<\/div>\n\t\t\t\t<\/div>\n\t\t\t\t<\/div>\n\t\t<div class=\"elementor-element elementor-element-ef76b8f e-con-full e-flex e-con e-child\" data-id=\"ef76b8f\" data-element_type=\"container\">\n\t\t\t\t<div class=\"elementor-element elementor-element-18ad7ea elementor-widget elementor-widget-mphbe-room\" data-id=\"18ad7ea\" data-element_type=\"widget\" data-settings=\"{&quot;ekit_we_effect_on&quot;:&quot;none&quot;}\" data-widget_type=\"mphbe-room.default\">\n\t\t\t\t<div class=\"elementor-widget-container\">\n\t\t\t\t\t<div class=\"mphb_sc_room-wrapper \"><div class=\"mphb-room-type post-4741 mphb_room_type type-mphb_room_type status-publish has-post-thumbnail mphb_room_type_category-apartamentos-en mphb-room-type-adults-5 mphb-room-type-children-0 \">\n\n\t\n\t\n\n\t<p class=\"post-thumbnail mphb-loop-room-thumbnail\">\n\t<a href=\"https:\/\/panchamamahotelboutique.com\/en\/accommodation\/apartment-quira-1\/\">\n\t<img loading=\"lazy\" decoding=\"async\" width=\"1984\" height=\"1318\" src=\"https:\/\/panchamamahotelboutique.com\/wp-content\/uploads\/2025\/02\/WhatsApp-Image-2025-02-14-at-6.46.52-PM-3.jpg\" class=\"attachment-post-thumbnail size-post-thumbnail wp-post-image\" alt=\"\" srcset=\"https:\/\/panchamamahotelboutique.com\/wp-content\/uploads\/2025\/02\/WhatsApp-Image-2025-02-14-at-6.46.52-PM-3.jpg 1984w, https:\/\/panchamamahotelboutique.com\/wp-content\/uploads\/2025\/02\/WhatsApp-Image-2025-02-14-at-6.46.52-PM-3-300x199.jpg 300w, https:\/\/panchamamahotelboutique.com\/wp-content\/uploads\/2025\/02\/WhatsApp-Image-2025-02-14-at-6.46.52-PM-3-1024x680.jpg 1024w, https:\/\/panchamamahotelboutique.com\/wp-content\/uploads\/2025\/02\/WhatsApp-Image-2025-02-14-at-6.46.52-PM-3-768x510.jpg 768w, https:\/\/panchamamahotelboutique.com\/wp-content\/uploads\/2025\/02\/WhatsApp-Image-2025-02-14-at-6.46.52-PM-3-1536x1020.jpg 1536w, https:\/\/panchamamahotelboutique.com\/wp-content\/uploads\/2025\/02\/WhatsApp-Image-2025-02-14-at-6.46.52-PM-3-600x399.jpg 600w\" sizes=\"(max-width: 1984px) 100vw, 1984px\" \/>\t<\/a>\n\n\t<\/p>\n\n<h2 class=\"mphb-room-type-title entry-title\">\n\n<a class=\"mphb-room-type-title\" href=\"https:\/\/panchamamahotelboutique.com\/en\/accommodation\/apartment-quira-1\/\">Apartment duplex QUIRA<\/a>\n\n<\/h2>\n\n<ul>\n<li>maximum capacity: 3-5 guests<\/li>\n<li>1 queen Bed<\/li>\n<li>1 single bed and 1 Sofa bed<\/li>\n<li>balcony with hammock<\/li>\n<\/ul>\n\n\n\n\t<p class=\"mphb-regular-price\"><strong>Prices start at:<\/strong>\n\t<span class=\"mphb-price\"><span class=\"mphb-currency\">&#36;<\/span>270,000<\/span> <span class=\"mphb-price-period\" title=\"Choose dates to see relevant prices\">per night<\/span>\n\t<\/p>\n\t\n<div class=\"mphb-to-book-btn-wrapper\">\n<form action=\"https:\/\/panchamamahotelboutique.com\/en\/accommodation\/apartment-quira-1\/#booking-form-4741\" method=\"get\" ><button type=\"submit\" class=\"button mphb-book-button\" >More information<\/button><\/form>\n<br\/><\/div>\n\t\n<\/div>\n<\/div>\t\t\t\t<\/div>\n\t\t\t\t<\/div>\n\t\t\t\t<\/div>\n\t\t<div class=\"elementor-element elementor-element-b7d7ee8 e-con-full e-flex e-con e-child\" data-id=\"b7d7ee8\" data-element_type=\"container\">\n\t\t\t\t<div class=\"elementor-element elementor-element-dcfd14e elementor-widget elementor-widget-mphbe-room\" data-id=\"dcfd14e\" data-element_type=\"widget\" data-settings=\"{&quot;ekit_we_effect_on&quot;:&quot;none&quot;}\" data-widget_type=\"mphbe-room.default\">\n\t\t\t\t<div class=\"elementor-widget-container\">\n\t\t\t\t\t<div class=\"mphb_sc_room-wrapper \"><div class=\"mphb-room-type post-4781 mphb_room_type type-mphb_room_type status-publish has-post-thumbnail mphb_room_type_category-apartamentos-en mphb-room-type-adults-6 mphb-room-type-children-0 \">\n\n\t\n\t\n\n\t<p class=\"post-thumbnail mphb-loop-room-thumbnail\">\n\t<a href=\"https:\/\/panchamamahotelboutique.com\/en\/accommodation\/gua-duplex-apartment\/\">\n\t<img loading=\"lazy\" decoding=\"async\" width=\"945\" height=\"628\" src=\"https:\/\/panchamamahotelboutique.com\/wp-content\/uploads\/2024\/11\/HotelPanchamamaNancyColor-114-1.jpg\" class=\"attachment-post-thumbnail size-post-thumbnail wp-post-image\" alt=\"\" srcset=\"https:\/\/panchamamahotelboutique.com\/wp-content\/uploads\/2024\/11\/HotelPanchamamaNancyColor-114-1.jpg 945w, https:\/\/panchamamahotelboutique.com\/wp-content\/uploads\/2024\/11\/HotelPanchamamaNancyColor-114-1-600x399.jpg 600w, https:\/\/panchamamahotelboutique.com\/wp-content\/uploads\/2024\/11\/HotelPanchamamaNancyColor-114-1-300x199.jpg 300w, https:\/\/panchamamahotelboutique.com\/wp-content\/uploads\/2024\/11\/HotelPanchamamaNancyColor-114-1-768x510.jpg 768w\" sizes=\"(max-width: 945px) 100vw, 945px\" \/>\t<\/a>\n\n\t<\/p>\n\n<h2 class=\"mphb-room-type-title entry-title\">\n\n<a class=\"mphb-room-type-title\" href=\"https:\/\/panchamamahotelboutique.com\/en\/accommodation\/gua-duplex-apartment\/\">Two Bdr. Apartment GUA<\/a>\n\n<\/h2>\n\n<ul>\n<li>maximum capacity: 4-6 guests<\/li>\n<li>2 bedrooms with queen beds<\/li>\n<li>1 Sofa bed<\/li>\n<li>balcony with hammock<\/li>\n<\/ul>\n\n\n\n\t<p class=\"mphb-regular-price\"><strong>Prices start at:<\/strong>\n\t<span class=\"mphb-price\"><span class=\"mphb-currency\">&#36;<\/span>340,000<\/span> <span class=\"mphb-price-period\" title=\"Choose dates to see relevant prices\">per night<\/span>\n\t<\/p>\n\t\n<div class=\"mphb-to-book-btn-wrapper\">\n<form action=\"https:\/\/panchamamahotelboutique.com\/en\/accommodation\/gua-duplex-apartment\/#booking-form-4781\" method=\"get\" ><button type=\"submit\" class=\"button mphb-book-button\" >More information<\/button><\/form>\n<br\/><\/div>\n\t\n<\/div>\n<\/div>\t\t\t\t<\/div>\n\t\t\t\t<\/div>\n\t\t\t\t<\/div>\n\t\t\t\t\t<\/div>\n\t\t\t\t<\/div>\n\t\t<div class=\"elementor-element elementor-element-0179c6e alex e-flex e-con-boxed e-con e-parent\" data-id=\"0179c6e\" data-element_type=\"container\">\n\t\t\t\t\t<div class=\"e-con-inner\">\n\t\t<div class=\"elementor-element elementor-element-f50608c e-con-full e-flex e-con e-child\" data-id=\"f50608c\" data-element_type=\"container\">\n\t\t\t\t<div class=\"elementor-element elementor-element-3c1bf59 elementor-widget elementor-widget-mphbe-room\" data-id=\"3c1bf59\" data-element_type=\"widget\" data-settings=\"{&quot;ekit_we_effect_on&quot;:&quot;none&quot;}\" data-widget_type=\"mphbe-room.default\">\n\t\t\t\t<div class=\"elementor-widget-container\">\n\t\t\t\t\t<div class=\"mphb_sc_room-wrapper \"><div class=\"mphb-room-type post-4764 mphb_room_type type-mphb_room_type status-publish has-post-thumbnail mphb_room_type_category-apartamentos-en mphb-room-type-adults-7 mphb-room-type-children-0 \">\n\n\t\n\t\n\n\t<p class=\"post-thumbnail mphb-loop-room-thumbnail\">\n\t<a href=\"https:\/\/panchamamahotelboutique.com\/en\/accommodation\/4764\/\">\n\t<img loading=\"lazy\" decoding=\"async\" width=\"1134\" height=\"753\" src=\"https:\/\/panchamamahotelboutique.com\/wp-content\/uploads\/2024\/12\/HotelPanchamamaNancyColor-17.jpg\" class=\"attachment-post-thumbnail size-post-thumbnail wp-post-image\" alt=\"\" srcset=\"https:\/\/panchamamahotelboutique.com\/wp-content\/uploads\/2024\/12\/HotelPanchamamaNancyColor-17.jpg 1134w, https:\/\/panchamamahotelboutique.com\/wp-content\/uploads\/2024\/12\/HotelPanchamamaNancyColor-17-600x398.jpg 600w, https:\/\/panchamamahotelboutique.com\/wp-content\/uploads\/2024\/12\/HotelPanchamamaNancyColor-17-300x199.jpg 300w, https:\/\/panchamamahotelboutique.com\/wp-content\/uploads\/2024\/12\/HotelPanchamamaNancyColor-17-1024x680.jpg 1024w, https:\/\/panchamamahotelboutique.com\/wp-content\/uploads\/2024\/12\/HotelPanchamamaNancyColor-17-768x510.jpg 768w\" sizes=\"(max-width: 1134px) 100vw, 1134px\" \/>\t<\/a>\n\n\t<\/p>\n\n<h2 class=\"mphb-room-type-title entry-title\">\n\n<a class=\"mphb-room-type-title\" href=\"https:\/\/panchamamahotelboutique.com\/en\/accommodation\/4764\/\">Apartment duplex QUIRA+<\/a>\n\n<\/h2>\n\n<ul>\n<li>maximum capacity: 5-7 guests<\/li>\n<li>2 queen, 1 single bed and 1 sofa bed <\/li>\n<li>2 private bathrooms<\/li>\n<li>balcony with hammock<\/li>\n<\/ul>\n\n\n\n\t<p class=\"mphb-regular-price\"><strong>Prices start at:<\/strong>\n\t<span class=\"mphb-price\"><span class=\"mphb-currency\">&#36;<\/span>450,000<\/span> <span class=\"mphb-price-period\" title=\"Choose dates to see relevant prices\">per night<\/span>\n\t<\/p>\n\t\n<div class=\"mphb-to-book-btn-wrapper\">\n<form action=\"https:\/\/panchamamahotelboutique.com\/en\/accommodation\/4764\/#booking-form-4764\" method=\"get\" ><button type=\"submit\" class=\"button mphb-book-button\" >More information<\/button><\/form>\n<br\/><\/div>\n\t\n<\/div>\n<\/div>\t\t\t\t<\/div>\n\t\t\t\t<\/div>\n\t\t\t\t<\/div>\n\t\t<div class=\"elementor-element elementor-element-b23294f e-con-full e-flex e-con e-child\" data-id=\"b23294f\" data-element_type=\"container\">\n\t\t\t\t<\/div>\n\t\t<div class=\"elementor-element elementor-element-470ffb0 e-con-full e-flex e-con e-child\" data-id=\"470ffb0\" data-element_type=\"container\">\n\t\t\t\t<\/div>\n\t\t\t\t\t<\/div>\n\t\t\t\t<\/div>\n\t\t\t\t<\/div>\n\t\t","protected":false},"excerpt":{"rendered":"<p>Habitaci\u00f3n Deluxe SUE Capacidad para 2 personas 1 Cama Queen Ba\u00f1o privado Terraza privada Precio desde: &#36;180,000 por noche M\u00e1s informaci\u00f3n Habitacion Bachue Capacidad para 1-2 personas 1 Cama Queen Ba\u00f1o privado Vista a la monta\u00f1a Precio desde: &#36;180,000 por noche M\u00e1s informaci\u00f3n Apartaestudio XIE Capacidad para 2-3 personas 1 Cama Queen Cama sencilla Ba\u00f1o [&hellip;]<\/p>\n","protected":false},"author":1,"featured_media":0,"parent":0,"menu_order":0,"comment_status":"closed","ping_status":"closed","template":"","meta":{"_uag_custom_page_level_css":"","_joinchat":[],"footnotes":""},"class_list":["post-5321","page","type-page","status-publish","hentry"],"uagb_featured_image_src":{"full":false,"thumbnail":false,"medium":false,"medium_large":false,"large":false,"1536x1536":false,"2048x2048":false,"woocommerce_thumbnail":false,"woocommerce_single":false,"woocommerce_gallery_thumbnail":false},"uagb_author_info":{"display_name":"ALEXANDER Reyes jaimes","author_link":"https:\/\/panchamamahotelboutique.com\/en\/author\/alextopiahotmail-com\/"},"uagb_comment_info":0,"uagb_excerpt":"Habitaci\u00f3n Deluxe SUE Capacidad para 2 personas 1 Cama Queen Ba\u00f1o privado Terraza privada Precio desde: &#36;180,000 por noche M\u00e1s informaci\u00f3n Habitacion Bachue Capacidad para 1-2 personas 1 Cama Queen Ba\u00f1o privado Vista a la monta\u00f1a Precio desde: &#36;180,000 por noche M\u00e1s informaci\u00f3n Apartaestudio XIE Capacidad para 2-3 personas 1 Cama Queen Cama sencilla Ba\u00f1o&hellip;","_links":{"self":[{"href":"https:\/\/panchamamahotelboutique.com\/en\/wp-json\/wp\/v2\/pages\/5321","targetHints":{"allow":["GET"]}}],"collection":[{"href":"https:\/\/panchamamahotelboutique.com\/en\/wp-json\/wp\/v2\/pages"}],"about":[{"href":"https:\/\/panchamamahotelboutique.com\/en\/wp-json\/wp\/v2\/types\/page"}],"author":[{"embeddable":true,"href":"https:\/\/panchamamahotelboutique.com\/en\/wp-json\/wp\/v2\/users\/1"}],"replies":[{"embeddable":true,"href":"https:\/\/panchamamahotelboutique.com\/en\/wp-json\/wp\/v2\/comments?post=5321"}],"version-history":[{"count":4,"href":"https:\/\/panchamamahotelboutique.com\/en\/wp-json\/wp\/v2\/pages\/5321\/revisions"}],"predecessor-version":[{"id":6340,"href":"https:\/\/panchamamahotelboutique.com\/en\/wp-json\/wp\/v2\/pages\/5321\/revisions\/6340"}],"wp:attachment":[{"href":"https:\/\/panchamamahotelboutique.com\/en\/wp-json\/wp\/v2\/media?parent=5321"}],"curies":[{"name":"wp","href":"https:\/\/api.w.org\/{rel}","templated":true}]}}