{"id":4687,"date":"2024-11-29T13:20:59","date_gmt":"2024-11-29T13:20:59","guid":{"rendered":"https:\/\/panchamamahotelboutique.com\/?page_id=4687"},"modified":"2025-02-27T19:30:29","modified_gmt":"2025-02-27T19:30:29","slug":"cabins","status":"publish","type":"page","link":"https:\/\/panchamamahotelboutique.com\/en\/cabins\/","title":{"rendered":"Cabins"},"content":{"rendered":"\t\t<div data-elementor-type=\"wp-page\" data-elementor-id=\"4687\" class=\"elementor elementor-4687\" data-elementor-post-type=\"page\">\n\t\t\t\t<div class=\"elementor-element elementor-element-37acceb9 alex e-flex e-con-boxed e-con e-parent\" data-id=\"37acceb9\" data-element_type=\"container\">\n\t\t\t\t\t<div class=\"e-con-inner\">\n\t\t<div class=\"elementor-element elementor-element-587fa666 e-con-full e-flex e-con e-child\" data-id=\"587fa666\" data-element_type=\"container\">\n\t\t\t\t<div class=\"elementor-element elementor-element-51449609 elementor-widget elementor-widget-mphbe-room\" data-id=\"51449609\" data-element_type=\"widget\" data-settings=\"{&quot;ekit_we_effect_on&quot;:&quot;none&quot;}\" data-widget_type=\"mphbe-room.default\">\n\t\t\t\t<div class=\"elementor-widget-container\">\n\t\t\t\t\t<div class=\"mphb_sc_room-wrapper \"><div class=\"mphb-room-type post-4838 mphb_room_type type-mphb_room_type status-publish has-post-thumbnail mphb_room_type_category-rooms mphb-room-type-adults-3 mphb-room-type-children-0 \">\n\n\t\n\t\n\n\t<p class=\"post-thumbnail mphb-loop-room-thumbnail\">\n\t<a href=\"https:\/\/panchamamahotelboutique.com\/en\/accommodation\/el-encuentro-cabin\/\">\n\t<img fetchpriority=\"high\" decoding=\"async\" width=\"2560\" height=\"1707\" src=\"https:\/\/panchamamahotelboutique.com\/wp-content\/uploads\/2024\/11\/BAK_0475-HDR-1-scaled.jpg\" class=\"attachment-post-thumbnail size-post-thumbnail wp-post-image\" alt=\"\" srcset=\"https:\/\/panchamamahotelboutique.com\/wp-content\/uploads\/2024\/11\/BAK_0475-HDR-1-scaled.jpg 2560w, https:\/\/panchamamahotelboutique.com\/wp-content\/uploads\/2024\/11\/BAK_0475-HDR-1-300x200.jpg 300w, https:\/\/panchamamahotelboutique.com\/wp-content\/uploads\/2024\/11\/BAK_0475-HDR-1-1024x683.jpg 1024w, https:\/\/panchamamahotelboutique.com\/wp-content\/uploads\/2024\/11\/BAK_0475-HDR-1-768x512.jpg 768w, https:\/\/panchamamahotelboutique.com\/wp-content\/uploads\/2024\/11\/BAK_0475-HDR-1-1536x1024.jpg 1536w, https:\/\/panchamamahotelboutique.com\/wp-content\/uploads\/2024\/11\/BAK_0475-HDR-1-2048x1365.jpg 2048w, https:\/\/panchamamahotelboutique.com\/wp-content\/uploads\/2024\/11\/BAK_0475-HDR-1-600x400.jpg 600w\" sizes=\"(max-width: 2560px) 100vw, 2560px\" \/>\t<\/a>\n\n\t<\/p>\n\n<h2 class=\"mphb-room-type-title entry-title\">\n\n<a class=\"mphb-room-type-title\" href=\"https:\/\/panchamamahotelboutique.com\/en\/accommodation\/el-encuentro-cabin\/\">Stone Cottage EL ENCUENTRO<\/a>\n\n<\/h2>\n\n<ul>\n<li>capacity for 2-3 persons<\/li>\n<li>king bed 2m x 2m<\/li>\n<li>1 sofa bed<\/li>\n<li>jacuzzi<\/li>\n<li>wifi<\/li>\n<\/ul>\n\n\n\n<div class=\"mphb-to-book-btn-wrapper\">\n<form action=\"https:\/\/panchamamahotelboutique.com\/en\/accommodation\/el-encuentro-cabin\/#booking-form-4838\" method=\"get\" ><button type=\"submit\" class=\"button mphb-book-button\" >More information<\/button><\/form>\n<br\/><\/div>\n\t\n<\/div>\n<\/div>\t\t\t\t<\/div>\n\t\t\t\t<\/div>\n\t\t\t\t<\/div>\n\t\t<div class=\"elementor-element elementor-element-1ebdcbe3 e-con-full e-flex e-con e-child\" data-id=\"1ebdcbe3\" data-element_type=\"container\">\n\t\t\t\t<div class=\"elementor-element elementor-element-2fb1e082 elementor-widget elementor-widget-mphbe-room\" data-id=\"2fb1e082\" data-element_type=\"widget\" data-settings=\"{&quot;ekit_we_effect_on&quot;:&quot;none&quot;}\" data-widget_type=\"mphbe-room.default\">\n\t\t\t\t<div class=\"elementor-widget-container\">\n\t\t\t\t\t<div class=\"mphb_sc_room-wrapper \"><div class=\"mphb-room-type post-5500 mphb_room_type type-mphb_room_type status-publish has-post-thumbnail mphb_room_type_category-rooms mphb-room-type-adults-4 mphb-room-type-children-0 \">\n\n\t\n\t\n\n\t<p class=\"post-thumbnail mphb-loop-room-thumbnail\">\n\t<a href=\"https:\/\/panchamamahotelboutique.com\/en\/accommodation\/el-escondite-cabin-2\/\">\n\t<img decoding=\"async\" width=\"2560\" height=\"1707\" src=\"https:\/\/panchamamahotelboutique.com\/wp-content\/uploads\/2024\/11\/BAK_0434-HDR-scaled.jpg\" class=\"attachment-post-thumbnail size-post-thumbnail wp-post-image\" alt=\"\" srcset=\"https:\/\/panchamamahotelboutique.com\/wp-content\/uploads\/2024\/11\/BAK_0434-HDR-scaled.jpg 2560w, https:\/\/panchamamahotelboutique.com\/wp-content\/uploads\/2024\/11\/BAK_0434-HDR-300x200.jpg 300w, https:\/\/panchamamahotelboutique.com\/wp-content\/uploads\/2024\/11\/BAK_0434-HDR-1024x683.jpg 1024w, https:\/\/panchamamahotelboutique.com\/wp-content\/uploads\/2024\/11\/BAK_0434-HDR-768x512.jpg 768w, https:\/\/panchamamahotelboutique.com\/wp-content\/uploads\/2024\/11\/BAK_0434-HDR-1536x1024.jpg 1536w, https:\/\/panchamamahotelboutique.com\/wp-content\/uploads\/2024\/11\/BAK_0434-HDR-2048x1365.jpg 2048w, https:\/\/panchamamahotelboutique.com\/wp-content\/uploads\/2024\/11\/BAK_0434-HDR-600x400.jpg 600w\" sizes=\"(max-width: 2560px) 100vw, 2560px\" \/>\t<\/a>\n\n\t<\/p>\n\n<h2 class=\"mphb-room-type-title entry-title\">\n\n<a class=\"mphb-room-type-title\" href=\"https:\/\/panchamamahotelboutique.com\/en\/accommodation\/el-escondite-cabin-2\/\">Stone Cottage EL ESCONDITE<\/a>\n\n<\/h2>\n\n<ul>\n<li>capacity for 2-4 persons<\/li>\n<li>king bed 2m x 2m<\/li>\n<li>1 sofa bed<\/li>\n<li>dining room<\/li>\n<li>small lake and pool<\/li>\n<\/ul>\n\n\n\n<div class=\"mphb-to-book-btn-wrapper\">\n<form action=\"https:\/\/panchamamahotelboutique.com\/en\/accommodation\/el-escondite-cabin-2\/#booking-form-5500\" method=\"get\" ><button type=\"submit\" class=\"button mphb-book-button\" >More information<\/button><\/form>\n<br\/><\/div>\n\t\n<\/div>\n<\/div>\t\t\t\t<\/div>\n\t\t\t\t<\/div>\n\t\t\t\t<\/div>\n\t\t\t\t\t<\/div>\n\t\t\t\t<\/div>\n\t\t<div class=\"elementor-element elementor-element-bd76dc9 alex e-flex e-con-boxed e-con e-parent\" data-id=\"bd76dc9\" data-element_type=\"container\">\n\t\t\t\t\t<div class=\"e-con-inner\">\n\t\t<div class=\"elementor-element elementor-element-e626669 e-con-full e-flex e-con e-child\" data-id=\"e626669\" data-element_type=\"container\">\n\t\t\t\t<div class=\"elementor-element elementor-element-8adf8ba elementor-widget elementor-widget-mphbe-room\" data-id=\"8adf8ba\" data-element_type=\"widget\" data-settings=\"{&quot;ekit_we_effect_on&quot;:&quot;none&quot;}\" data-widget_type=\"mphbe-room.default\">\n\t\t\t\t<div class=\"elementor-widget-container\">\n\t\t\t\t\t<div class=\"mphb_sc_room-wrapper \"><div class=\"mphb-room-type post-5498 mphb_room_type type-mphb_room_type status-publish has-post-thumbnail mphb_room_type_category-rooms mphb-room-type-adults-4 mphb-room-type-children-0 \">\n\n\t\n\t\n\n\t<p class=\"post-thumbnail mphb-loop-room-thumbnail\">\n\t<a href=\"https:\/\/panchamamahotelboutique.com\/en\/accommodation\/agrado-apartment\/\">\n\t<img decoding=\"async\" width=\"850\" height=\"565\" src=\"https:\/\/panchamamahotelboutique.com\/wp-content\/uploads\/2025\/01\/WhatsApp-Image-2025-02-14-at-6.46.jpg\" class=\"attachment-post-thumbnail size-post-thumbnail wp-post-image\" alt=\"\" srcset=\"https:\/\/panchamamahotelboutique.com\/wp-content\/uploads\/2025\/01\/WhatsApp-Image-2025-02-14-at-6.46.jpg 850w, https:\/\/panchamamahotelboutique.com\/wp-content\/uploads\/2025\/01\/WhatsApp-Image-2025-02-14-at-6.46-300x199.jpg 300w, https:\/\/panchamamahotelboutique.com\/wp-content\/uploads\/2025\/01\/WhatsApp-Image-2025-02-14-at-6.46-768x510.jpg 768w, https:\/\/panchamamahotelboutique.com\/wp-content\/uploads\/2025\/01\/WhatsApp-Image-2025-02-14-at-6.46-600x399.jpg 600w\" sizes=\"(max-width: 850px) 100vw, 850px\" \/>\t<\/a>\n\n\t<\/p>\n\n<h2 class=\"mphb-room-type-title entry-title\">\n\n<a class=\"mphb-room-type-title\" href=\"https:\/\/panchamamahotelboutique.com\/en\/accommodation\/agrado-apartment\/\">EL AGRADO apartment<\/a>\n\n<\/h2>\n\n<ul>\n<li>capacity for 2-4 persons<\/li>\n<li>1 bedroom with queen size bed, 2 sofa bed<\/li>\n<li>bathroom<\/li>\n<li>dining room<\/li>\n<\/ul>\n\n\n\n<div class=\"mphb-to-book-btn-wrapper\">\n<form action=\"https:\/\/panchamamahotelboutique.com\/en\/accommodation\/agrado-apartment\/#booking-form-5498\" method=\"get\" ><button type=\"submit\" class=\"button mphb-book-button\" >More information<\/button><\/form>\n<br\/><\/div>\n\t\n<\/div>\n<\/div>\t\t\t\t<\/div>\n\t\t\t\t<\/div>\n\t\t\t\t<\/div>\n\t\t<div class=\"elementor-element elementor-element-b68685b e-con-full e-flex e-con e-child\" data-id=\"b68685b\" data-element_type=\"container\">\n\t\t\t\t<\/div>\n\t\t\t\t\t<\/div>\n\t\t\t\t<\/div>\n\t\t\t\t<\/div>\n\t\t","protected":false},"excerpt":{"rendered":"<p>Caba\u00f1a el Encuentro Capacidad para 2-3 personas Cama King 1.80 x 2 mt 1 sofacama Jacuzzi Wifi M\u00e1s informaci\u00f3n Caba\u00f1a el Escondite Capacidad para 2-4 personas Cama King 2 mt x 2 mt 1 sofacama Sala comedor Lago y piscina peque\u00f1a M\u00e1s informaci\u00f3n Apartamento El Agrado Capacidad para 2-4 personas 1 alcoba con cama Queen [&hellip;]<\/p>\n","protected":false},"author":1,"featured_media":0,"parent":0,"menu_order":0,"comment_status":"closed","ping_status":"closed","template":"","meta":{"_uag_custom_page_level_css":"","_joinchat":[],"footnotes":""},"class_list":["post-4687","page","type-page","status-publish","hentry"],"uagb_featured_image_src":{"full":false,"thumbnail":false,"medium":false,"medium_large":false,"large":false,"1536x1536":false,"2048x2048":false,"woocommerce_thumbnail":false,"woocommerce_single":false,"woocommerce_gallery_thumbnail":false},"uagb_author_info":{"display_name":"ALEXANDER Reyes jaimes","author_link":"https:\/\/panchamamahotelboutique.com\/en\/author\/alextopiahotmail-com\/"},"uagb_comment_info":0,"uagb_excerpt":"Caba\u00f1a el Encuentro Capacidad para 2-3 personas Cama King 1.80 x 2 mt 1 sofacama Jacuzzi Wifi M\u00e1s informaci\u00f3n Caba\u00f1a el Escondite Capacidad para 2-4 personas Cama King 2 mt x 2 mt 1 sofacama Sala comedor Lago y piscina peque\u00f1a M\u00e1s informaci\u00f3n Apartamento El Agrado Capacidad para 2-4 personas 1 alcoba con cama Queen&hellip;","_links":{"self":[{"href":"https:\/\/panchamamahotelboutique.com\/en\/wp-json\/wp\/v2\/pages\/4687","targetHints":{"allow":["GET"]}}],"collection":[{"href":"https:\/\/panchamamahotelboutique.com\/en\/wp-json\/wp\/v2\/pages"}],"about":[{"href":"https:\/\/panchamamahotelboutique.com\/en\/wp-json\/wp\/v2\/types\/page"}],"author":[{"embeddable":true,"href":"https:\/\/panchamamahotelboutique.com\/en\/wp-json\/wp\/v2\/users\/1"}],"replies":[{"embeddable":true,"href":"https:\/\/panchamamahotelboutique.com\/en\/wp-json\/wp\/v2\/comments?post=4687"}],"version-history":[{"count":10,"href":"https:\/\/panchamamahotelboutique.com\/en\/wp-json\/wp\/v2\/pages\/4687\/revisions"}],"predecessor-version":[{"id":6464,"href":"https:\/\/panchamamahotelboutique.com\/en\/wp-json\/wp\/v2\/pages\/4687\/revisions\/6464"}],"wp:attachment":[{"href":"https:\/\/panchamamahotelboutique.com\/en\/wp-json\/wp\/v2\/media?parent=4687"}],"curies":[{"name":"wp","href":"https:\/\/api.w.org\/{rel}","templated":true}]}}